{"id":89,"date":"2017-12-15T16:16:40","date_gmt":"2017-12-15T15:16:40","guid":{"rendered":"http:\/\/spman-velten.de\/?page_id=89"},"modified":"2022-01-26T20:19:57","modified_gmt":"2022-01-26T19:19:57","slug":"reparaturen","status":"publish","type":"page","link":"https:\/\/www.ruppinerfahrzeugservice.de\/index.php\/reparaturen\/","title":{"rendered":"Reparaturen"},"content":{"rendered":"<h1>Reparaturen s\u00e4mtlicher Fabrikate<\/h1>\n<p>Wir garantieren die fachm\u00e4nnische Ausf\u00fchrung von Service-,\u00a0 Wartungs- und Reparaturarbeiten an Ihrem Nutzfahrzeug, termingerecht und zu fairen Preisen.<\/p>\n<p>Pers\u00f6nliche Beratung und Betreuung sind selbstverst\u00e4ndlich im Service inbegriffen. Wir haben immer ein offenes Ohr, wenn Sie Probleme mit Ihrem Nutzfahrzeug haben.<\/p>\n<p>Wir verwenden ausschlie\u00dflich Ersatzteile von hoher Qualit\u00e4t, von denen wir selbst \u00fcberzeugt sind.<\/p>\n<p>Wo immer es m\u00f6glich ist und wirtschaftlich sinnvoll, reparieren wir defekte Teile, teilweise in Zusammenarbeit mit Fachbetrieben, mit denen wir seit vielen Jahren zusammenarbeiten.<\/p>\n<p><strong>Sie m\u00f6chte unsere Leistung in Anspruch nehmen?<br \/>\n<\/strong>Wir beraten Sie gerne und erstellen Ihnen ein individuelles Angebot. Rufen Sie uns an oder nutzen Sie unser\u00a0<a class=\"cm_anchor\" title=\"link:\/Kontakt\/\" href=\"\/index.php\/kontakt\/\">Kontaktformular<\/a>.<\/p>\n","protected":false},"excerpt":{"rendered":"<p>Reparaturen s\u00e4mtlicher Fabrikate Wir garantieren die fachm\u00e4nnische Ausf\u00fchrung von Service-,\u00a0 Wartungs- und Reparaturarbeiten an Ihrem Nutzfahrzeug, termingerecht und zu fairen Preisen. Pers\u00f6nliche Beratung und Betreuung sind selbstverst\u00e4ndlich im Service inbegriffen. Wir haben immer ein offenes Ohr, wenn Sie Probleme mit Ihrem Nutzfahrzeug haben. Wir verwenden ausschlie\u00dflich Ersatzteile von hoher Qualit\u00e4t, von denen wir selbst \u00fcberzeugt&#8230;  <a class=\"excerpt-read-more\" href=\"https:\/\/www.ruppinerfahrzeugservice.de\/index.php\/reparaturen\/\" title=\"Read: Reparaturen\">Read More<\/a><\/p>\n","protected":false},"author":2,"featured_media":0,"parent":0,"menu_order":0,"comment_status":"closed","ping_status":"closed","template":"","meta":{"footnotes":""},"class_list":["post-89","page","type-page","status-publish","hentry"],"_links":{"self":[{"href":"https:\/\/www.ruppinerfahrzeugservice.de\/index.php\/wp-json\/wp\/v2\/pages\/89","targetHints":{"allow":["GET"]}}],"collection":[{"href":"https:\/\/www.ruppinerfahrzeugservice.de\/index.php\/wp-json\/wp\/v2\/pages"}],"about":[{"href":"https:\/\/www.ruppinerfahrzeugservice.de\/index.php\/wp-json\/wp\/v2\/types\/page"}],"author":[{"embeddable":true,"href":"https:\/\/www.ruppinerfahrzeugservice.de\/index.php\/wp-json\/wp\/v2\/users\/2"}],"replies":[{"embeddable":true,"href":"https:\/\/www.ruppinerfahrzeugservice.de\/index.php\/wp-json\/wp\/v2\/comments?post=89"}],"version-history":[{"count":6,"href":"https:\/\/www.ruppinerfahrzeugservice.de\/index.php\/wp-json\/wp\/v2\/pages\/89\/revisions"}],"predecessor-version":[{"id":421,"href":"https:\/\/www.ruppinerfahrzeugservice.de\/index.php\/wp-json\/wp\/v2\/pages\/89\/revisions\/421"}],"wp:attachment":[{"href":"https:\/\/www.ruppinerfahrzeugservice.de\/index.php\/wp-json\/wp\/v2\/media?parent=89"}],"curies":[{"name":"wp","href":"https:\/\/api.w.org\/{rel}","templated":true}]}}