{"id":83,"date":"2017-12-15T16:15:45","date_gmt":"2017-12-15T15:15:45","guid":{"rendered":"http:\/\/spman-velten.de\/?page_id=83"},"modified":"2017-12-26T15:58:37","modified_gmt":"2017-12-26T14:58:37","slug":"leistungen","status":"publish","type":"page","link":"https:\/\/www.ruppinerfahrzeugservice.de\/index.php\/leistungen\/","title":{"rendered":"Leistungen"},"content":{"rendered":"<h1><span style=\"font-family: Arial;\">Unsere Leistungen<\/span><\/h1>\n<h3>Gesetzliche Untersuchungen<\/h3>\n<ul>\n<li>Hauptuntersuchungen nach \u00a7 29 StVZO<\/li>\n<li>Sicherheitspr\u00fcfung nach \u00a7 29 StVZO<\/li>\n<li>Abgasuntersuchung nach \u00a7 47a StVZO<\/li>\n<li>Bremsendienst gem\u00e4\u00df \u00a7 29 StVZO<\/li>\n<li>Servicepartner Toll Collect<\/li>\n<li>Pr\u00fcfung von Fahrtenschreibern nach\u00a0\u00a7\u00a057b StVZO<\/li>\n<li>Service f\u00fcr Geschwindigkeitsbegrenzer\u00a0gem\u00e4\u00df \u00a7 57d StVZO<\/li>\n<\/ul>\n<h3>Wartung, Pflege und Reparatur<\/h3>\n<ul>\n<li>MAN-Servicepartner\n<ul>\n<li>S\u00e4mtliche Gew\u00e4hrleistungsarbeiten innerhalb der Gew\u00e4hrleistungsfristen der MAN Nutzfahzeuge AG<\/li>\n<\/ul>\n<\/li>\n<li>Servicepartner Toll collect<\/li>\n<li>Ersatzteilverkauf<\/li>\n<li>Zubeh\u00f6rverkauf<\/li>\n<li>Pflege, Wartung und Reparatur von MAN Nutzfahrzeugen und\u00a0Nutzfahrzeugen anderer Hersteller<\/li>\n<li>Reparatur von Schaltgetrieben<\/li>\n<li>Wartung und Reparatur Auflieger sowie Anh\u00e4ngern aller Hersteller<\/li>\n<li>Elektrik und Beleuchtung<\/li>\n<li>Telefon- und Funkanlagen<\/li>\n<li>Lasergest\u00fctzte optische\u00a0Achsvermessung<\/li>\n<li>Service und Instandsetzung\u00a0f\u00fcr Klimaanlagen<\/li>\n<li>Service und Instandsetzung\u00a0f\u00fcr Standheizungen<\/li>\n<li><span style=\"color: #303c49;\">UVV-Pr\u00fcfung<\/span><\/li>\n<li><span style=\"color: #303c49;\">Reparaturen von Baumaschinen<\/span><\/li>\n<\/ul>\n","protected":false},"excerpt":{"rendered":"<p>Unsere Leistungen Gesetzliche Untersuchungen Hauptuntersuchungen nach \u00a7 29 StVZO Sicherheitspr\u00fcfung nach \u00a7 29 StVZO Abgasuntersuchung nach \u00a7 47a StVZO Bremsendienst gem\u00e4\u00df \u00a7 29 StVZO Servicepartner Toll Collect Pr\u00fcfung von Fahrtenschreibern nach\u00a0\u00a7\u00a057b StVZO Service f\u00fcr Geschwindigkeitsbegrenzer\u00a0gem\u00e4\u00df \u00a7 57d StVZO Wartung, Pflege und Reparatur MAN-Servicepartner S\u00e4mtliche Gew\u00e4hrleistungsarbeiten innerhalb der Gew\u00e4hrleistungsfristen der MAN Nutzfahzeuge AG Servicepartner Toll collect&#8230;  <a class=\"excerpt-read-more\" href=\"https:\/\/www.ruppinerfahrzeugservice.de\/index.php\/leistungen\/\" title=\"Read: Leistungen\">Read More<\/a><\/p>\n","protected":false},"author":2,"featured_media":0,"parent":0,"menu_order":0,"comment_status":"closed","ping_status":"closed","template":"","meta":{"footnotes":""},"class_list":["post-83","page","type-page","status-publish","hentry"],"_links":{"self":[{"href":"https:\/\/www.ruppinerfahrzeugservice.de\/index.php\/wp-json\/wp\/v2\/pages\/83","targetHints":{"allow":["GET"]}}],"collection":[{"href":"https:\/\/www.ruppinerfahrzeugservice.de\/index.php\/wp-json\/wp\/v2\/pages"}],"about":[{"href":"https:\/\/www.ruppinerfahrzeugservice.de\/index.php\/wp-json\/wp\/v2\/types\/page"}],"author":[{"embeddable":true,"href":"https:\/\/www.ruppinerfahrzeugservice.de\/index.php\/wp-json\/wp\/v2\/users\/2"}],"replies":[{"embeddable":true,"href":"https:\/\/www.ruppinerfahrzeugservice.de\/index.php\/wp-json\/wp\/v2\/comments?post=83"}],"version-history":[{"count":1,"href":"https:\/\/www.ruppinerfahrzeugservice.de\/index.php\/wp-json\/wp\/v2\/pages\/83\/revisions"}],"predecessor-version":[{"id":86,"href":"https:\/\/www.ruppinerfahrzeugservice.de\/index.php\/wp-json\/wp\/v2\/pages\/83\/revisions\/86"}],"wp:attachment":[{"href":"https:\/\/www.ruppinerfahrzeugservice.de\/index.php\/wp-json\/wp\/v2\/media?parent=83"}],"curies":[{"name":"wp","href":"https:\/\/api.w.org\/{rel}","templated":true}]}}