{"id":59,"date":"2017-12-15T14:40:33","date_gmt":"2017-12-15T13:40:33","guid":{"rendered":"http:\/\/spman-velten.de\/?page_id=59"},"modified":"2025-07-01T14:02:41","modified_gmt":"2025-07-01T12:02:41","slug":"home","status":"publish","type":"page","link":"https:\/\/www.ruppinerfahrzeugservice.de\/","title":{"rendered":"Home"},"content":{"rendered":"\n<div class=\"wp-block-stevehenty-drop-shadow-box dropshadowboxes-container\" style=\"width:auto\"><div class=\"dropshadowboxes-drop-shadow dropshadowboxes-lifted-both dropshadowboxes-rounded-corners dropshadowboxes-inside-and-outside-shadow\" style=\"background-color:#FFFFFF;border-style:solid;border-width:2px;border-color:#DDDDDD;width:;padding:10px\"><div>\n<h1 class=\"wp-block-heading has-text-align-center has-x-large-font-size\">Wir suchen!<\/h1>\n\n\n\n<p class=\"has-small-font-size\"><br>Unser Unternehmen sucht derzeit nach qualifizierten Fachkr\u00e4ften f\u00fcr die Positionen des <strong>KFZ-Mechatronikers <\/strong>. Dar\u00fcber hinaus bieten wir Ausbildungsm\u00f6glichkeiten f\u00fcr angehende <strong>KFZ-Mechatroniker<\/strong> an. Wenn Sie Interesse an einer herausfordernden und vielseitigen Karriere haben, laden wir Sie herzlich dazu ein, sich bei uns zu bewerben. Wir freuen uns darauf, Ihre Bewerbung zu erhalten und stehen Ihnen f\u00fcr eventuelle R\u00fcckfragen gerne zur Verf\u00fcgung. Bewerbungen an <a href=\"mailto:chef@ruppinerfahrzeugservice.de\">chef@ruppinerfahrzeugservice.de<\/a><\/p>\n<\/div><\/div><\/div>\n\n\n\n<h1 class=\"wp-block-heading\">Herzlich Willkommen<\/h1>\n\n\n\n<p><span style=\"color: #000000;\">Sie suchen einen kompetenten, zuverl\u00e4ssigen und flexiblen Partner f\u00fcr Reparaturen s\u00e4mtlicher Nutzfahrzeugfabrikate in Ihrer Umgebung? &nbsp;<\/span><\/p>\n\n\n\n<p><span style=\"color: #000000;\">Seit \u00fcber 25 Jahren sind wir Ihr verl\u00e4sslicher Servicepartner der MAN Truck &amp; Bus Deutschland GmbH in Neuruppin (Ostprignitz-Ruppin). Auf den folgenden Seiten finden Sie Informationen \u00fcber unser Unternehmen und unseren Service.<\/span><\/p>\n\n\n\n<p><span style=\"color: #000000;\">Seit vielen Jahren \u00fcberzeugen wir unsere Kunden mit professionellen Umr\u00fcstungen und Reparaturen. Dazu tragen unsere langj\u00e4hrige Erfahrung sowie modernste Werkstatt-Technologie bei.<\/span><\/p>\n\n\n\n<h1 class=\"wp-block-heading\">\u00dcber uns<\/h1>\n\n\n\n<p>Als modernes Dienstleistungsunternehmen steht guter Service f\u00fcr uns ganz oben! Durch unsere individuelle und umfassende Betreuung gew\u00e4hrleisten wir Ihnen maximalen Komfort bei maximalem Service.<br><a href=\"\/index.php\/ueber-uns\/\">Weiterlesen<\/a><\/p>\n\n\n\n<h1 class=\"wp-block-heading\">Unsere Leistungen<\/h1>\n\n\n\n<p>Mit unserem erfahrenen Werkstattteam sind wir in der Lage, komplexe Arbeiten an Ihrem Nutzfahrzeug wie auch kleine Reparaturarbeiten zeitnah und professionell zu erledigen. \u00dcberlassen Sie nichts dem Zufall und verlassen Sie sich auf den MAN Experten in Neuruppin.<\/p>\n\n\n\n<h1 class=\"wp-block-heading\">Unsere \u00d6ffnungszeiten<\/h1>\n\n\n\n<p>Montag &#8211; Freitag:&nbsp; 06:30 Uhr &#8211; 17:30 Uhr<br>Samstag:&nbsp; &nbsp; &nbsp; &nbsp; &nbsp; &nbsp; &nbsp; &nbsp;07:30 Uhr &#8211; 12:30 Uhr<\/p>\n","protected":false},"excerpt":{"rendered":"<p>Herzlich Willkommen Sie suchen einen kompetenten, zuverl\u00e4ssigen und flexiblen Partner f\u00fcr Reparaturen s\u00e4mtlicher Nutzfahrzeugfabrikate in Ihrer Umgebung? &nbsp; Seit \u00fcber 25 Jahren sind wir Ihr verl\u00e4sslicher Servicepartner der MAN Truck &amp; Bus Deutschland GmbH in Neuruppin (Ostprignitz-Ruppin). Auf den folgenden Seiten finden Sie Informationen \u00fcber unser Unternehmen und unseren Service. Seit vielen Jahren \u00fcberzeugen wir&#8230;  <a class=\"excerpt-read-more\" href=\"https:\/\/www.ruppinerfahrzeugservice.de\/\" title=\"Read: Home\">Read More<\/a><\/p>\n","protected":false},"author":2,"featured_media":0,"parent":0,"menu_order":0,"comment_status":"closed","ping_status":"closed","template":"","meta":{"footnotes":""},"class_list":["post-59","page","type-page","status-publish","hentry"],"_links":{"self":[{"href":"https:\/\/www.ruppinerfahrzeugservice.de\/index.php\/wp-json\/wp\/v2\/pages\/59","targetHints":{"allow":["GET"]}}],"collection":[{"href":"https:\/\/www.ruppinerfahrzeugservice.de\/index.php\/wp-json\/wp\/v2\/pages"}],"about":[{"href":"https:\/\/www.ruppinerfahrzeugservice.de\/index.php\/wp-json\/wp\/v2\/types\/page"}],"author":[{"embeddable":true,"href":"https:\/\/www.ruppinerfahrzeugservice.de\/index.php\/wp-json\/wp\/v2\/users\/2"}],"replies":[{"embeddable":true,"href":"https:\/\/www.ruppinerfahrzeugservice.de\/index.php\/wp-json\/wp\/v2\/comments?post=59"}],"version-history":[{"count":35,"href":"https:\/\/www.ruppinerfahrzeugservice.de\/index.php\/wp-json\/wp\/v2\/pages\/59\/revisions"}],"predecessor-version":[{"id":485,"href":"https:\/\/www.ruppinerfahrzeugservice.de\/index.php\/wp-json\/wp\/v2\/pages\/59\/revisions\/485"}],"wp:attachment":[{"href":"https:\/\/www.ruppinerfahrzeugservice.de\/index.php\/wp-json\/wp\/v2\/media?parent=59"}],"curies":[{"name":"wp","href":"https:\/\/api.w.org\/{rel}","templated":true}]}}