{"id":107,"date":"2017-12-15T16:19:20","date_gmt":"2017-12-15T15:19:20","guid":{"rendered":"http:\/\/spman-velten.de\/?page_id=107"},"modified":"2022-01-26T20:21:05","modified_gmt":"2022-01-26T19:21:05","slug":"auspuff-service","status":"publish","type":"page","link":"https:\/\/www.ruppinerfahrzeugservice.de\/index.php\/auspuff-service\/","title":{"rendered":"Auspuff-Service"},"content":{"rendered":"<h2>Aupuff-Service<\/h2>\n<p>Die Abgasanlage eines Fahrzeugs erf\u00fcllt mit ihren hintereinander liegenden Komponenten t\u00e4glich eine Reihe von wichtigen Aufgaben und ist bei der heutigen Leistung Ihres Fahrzeugs stark belastet.<\/p>\n<p>An die Stelle von einfachen Rohren mit Schalld\u00e4mpfern sind heute aufwendige Systeme mit einer Reihe von Funktionen getreten.<\/p>\n<p>Um sicher zu gehen, dass die Funktion der Abgasanlage uneingeschr\u00e4nkt gew\u00e4hrleistet ist, und den Zustand regelm\u00e4\u00dfig zu kontrollieren, sollten Sie die Abgasanlage mindestens ein Mal im Jahr \u00fcberpr\u00fcfen lassen.<\/p>\n<p>Wir unterst\u00fctzen Sie hierbei gerne:<\/p>\n<ul>\n<li>Kostenlose Sichtpr\u00fcfung der Abgasanlage<\/li>\n<li>Fachm\u00e4nnischer Einbau von Ersatzteilen in Erstausr\u00fcsterqualit\u00e4t<\/li>\n<li>Entsorgung der alten Auspuff-Teile<\/li>\n<\/ul>\n<p><strong>Sie m\u00f6chte unsere Leistung in Anspruch nehmen?<br \/>\n<\/strong>Wir beraten Sie gerne und erstellen Ihnen ein individuelles Angebot. Rufen Sie uns an oder nutzen Sie unser\u00a0<a class=\"cm_anchor\" title=\"link:\/Kontakt\/\" href=\"\/index.php\/kontakt\/\">Kontaktformular<\/a>.<\/p>\n","protected":false},"excerpt":{"rendered":"<p>Aupuff-Service Die Abgasanlage eines Fahrzeugs erf\u00fcllt mit ihren hintereinander liegenden Komponenten t\u00e4glich eine Reihe von wichtigen Aufgaben und ist bei der heutigen Leistung Ihres Fahrzeugs stark belastet. An die Stelle von einfachen Rohren mit Schalld\u00e4mpfern sind heute aufwendige Systeme mit einer Reihe von Funktionen getreten. Um sicher zu gehen, dass die Funktion der Abgasanlage uneingeschr\u00e4nkt&#8230;  <a class=\"excerpt-read-more\" href=\"https:\/\/www.ruppinerfahrzeugservice.de\/index.php\/auspuff-service\/\" title=\"Read: Auspuff-Service\">Read More<\/a><\/p>\n","protected":false},"author":2,"featured_media":0,"parent":0,"menu_order":0,"comment_status":"closed","ping_status":"closed","template":"","meta":{"footnotes":""},"class_list":["post-107","page","type-page","status-publish","hentry"],"_links":{"self":[{"href":"https:\/\/www.ruppinerfahrzeugservice.de\/index.php\/wp-json\/wp\/v2\/pages\/107","targetHints":{"allow":["GET"]}}],"collection":[{"href":"https:\/\/www.ruppinerfahrzeugservice.de\/index.php\/wp-json\/wp\/v2\/pages"}],"about":[{"href":"https:\/\/www.ruppinerfahrzeugservice.de\/index.php\/wp-json\/wp\/v2\/types\/page"}],"author":[{"embeddable":true,"href":"https:\/\/www.ruppinerfahrzeugservice.de\/index.php\/wp-json\/wp\/v2\/users\/2"}],"replies":[{"embeddable":true,"href":"https:\/\/www.ruppinerfahrzeugservice.de\/index.php\/wp-json\/wp\/v2\/comments?post=107"}],"version-history":[{"count":6,"href":"https:\/\/www.ruppinerfahrzeugservice.de\/index.php\/wp-json\/wp\/v2\/pages\/107\/revisions"}],"predecessor-version":[{"id":424,"href":"https:\/\/www.ruppinerfahrzeugservice.de\/index.php\/wp-json\/wp\/v2\/pages\/107\/revisions\/424"}],"wp:attachment":[{"href":"https:\/\/www.ruppinerfahrzeugservice.de\/index.php\/wp-json\/wp\/v2\/media?parent=107"}],"curies":[{"name":"wp","href":"https:\/\/api.w.org\/{rel}","templated":true}]}}